{"id":1474,"date":"2025-07-16T10:46:41","date_gmt":"2025-07-16T10:46:41","guid":{"rendered":"http:\/\/bronteslogistics.com\/?page_id=1474"},"modified":"2025-07-16T11:17:57","modified_gmt":"2025-07-16T11:17:57","slug":"denizyolu-tasimasi","status":"publish","type":"page","link":"https:\/\/bronteslogistics.com\/?page_id=1474","title":{"rendered":"Denizyolu Ta\u015f\u0131mas\u0131"},"content":{"rendered":"\t\t<div data-elementor-type=\"wp-page\" data-elementor-id=\"1474\" class=\"elementor elementor-1474\">\n\t\t\t\t<div class=\"elementor-element elementor-element-40b28af e-flex e-con-boxed wpr-particle-no wpr-jarallax-no wpr-parallax-no wpr-sticky-section-no wpr-equal-height-no e-con e-parent\" data-id=\"40b28af\" data-element_type=\"container\" data-e-type=\"container\" data-settings=\"{&quot;background_background&quot;:&quot;classic&quot;}\">\n\t\t\t\t\t<div class=\"e-con-inner\">\n\t\t\t\t<div class=\"elementor-element elementor-element-a82931b elementor-invisible elementor-widget elementor-widget-heading\" data-id=\"a82931b\" data-element_type=\"widget\" data-e-type=\"widget\" data-settings=\"{&quot;_animation&quot;:&quot;fadeIn&quot;}\" data-widget_type=\"heading.default\">\n\t\t\t\t\t<h1 class=\"elementor-heading-title elementor-size-default\">Denizyolu Ta\u015f\u0131mas\u0131<\/h1>\t\t\t\t<\/div>\n\t\t\t\t\t<\/div>\n\t\t\t\t<\/div>\n\t\t\t\t<section class=\"elementor-section elementor-top-section elementor-element elementor-element-24c2599 elementor-section-boxed elementor-section-height-default elementor-section-height-default wpr-particle-no wpr-jarallax-no wpr-parallax-no wpr-sticky-section-no wpr-equal-height-no\" data-id=\"24c2599\" data-element_type=\"section\" data-e-type=\"section\">\n\t\t\t\t\t\t<div class=\"elementor-container elementor-column-gap-wide\">\n\t\t\t\t\t<div class=\"elementor-column elementor-col-50 elementor-top-column elementor-element elementor-element-2212c47\" data-id=\"2212c47\" data-element_type=\"column\" data-e-type=\"column\">\n\t\t\t<div class=\"elementor-widget-wrap elementor-element-populated\">\n\t\t\t\t\t\t<div class=\"elementor-element elementor-element-87945d0 elementor-widget elementor-widget-image\" data-id=\"87945d0\" data-element_type=\"widget\" data-e-type=\"widget\" data-widget_type=\"image.default\">\n\t\t\t\t\t\t\t\t\t\t\t\t\t\t\t<img fetchpriority=\"high\" decoding=\"async\" width=\"1280\" height=\"853\" src=\"https:\/\/bronteslogistics.com\/wp-content\/uploads\/2025\/07\/ai-generated-9087011_1280.jpg\" class=\"attachment-full size-full wp-image-1439\" alt=\"\" srcset=\"https:\/\/bronteslogistics.com\/wp-content\/uploads\/2025\/07\/ai-generated-9087011_1280.jpg 1280w, https:\/\/bronteslogistics.com\/wp-content\/uploads\/2025\/07\/ai-generated-9087011_1280-300x200.jpg 300w, https:\/\/bronteslogistics.com\/wp-content\/uploads\/2025\/07\/ai-generated-9087011_1280-1024x682.jpg 1024w, https:\/\/bronteslogistics.com\/wp-content\/uploads\/2025\/07\/ai-generated-9087011_1280-768x512.jpg 768w\" sizes=\"(max-width: 1280px) 100vw, 1280px\" \/>\t\t\t\t\t\t\t\t\t\t\t\t\t\t\t<\/div>\n\t\t\t\t\t<\/div>\n\t\t<\/div>\n\t\t\t\t<div class=\"elementor-column elementor-col-50 elementor-top-column elementor-element elementor-element-73e4e1a\" data-id=\"73e4e1a\" data-element_type=\"column\" data-e-type=\"column\">\n\t\t\t<div class=\"elementor-widget-wrap elementor-element-populated\">\n\t\t\t\t\t\t<div class=\"elementor-element elementor-element-ebf8296 elementor-widget elementor-widget-text-editor\" data-id=\"ebf8296\" data-element_type=\"widget\" data-e-type=\"widget\" data-widget_type=\"text-editor.default\">\n\t\t\t\t\t\t\t\t\t<p>D\u00fc\u015f\u00fck Maliyetli: \u00d6zellikle b\u00fcy\u00fck miktarlarda y\u00fck ta\u015f\u0131n\u0131rken birim maliyeti d\u00fc\u015f\u00fckt\u00fcr.<\/p><p>Uzun Mesafe Uygunlu\u011fu: K\u0131talar aras\u0131 ticaretin ana ta\u015f\u0131ma y\u00f6ntemidir.<\/p><p>Y\u00fcksek Ta\u015f\u0131ma Kapasitesi: Konteyner gemileri, tankerler ve kuru y\u00fck gemileri tonlarca y\u00fck ta\u015f\u0131yabilir.<\/p><p>Yava\u015f Teslimat S\u00fcresi: Karayolu ve havayoluna k\u0131yasla daha uzun s\u00fcrede teslimat yap\u0131l\u0131r.<\/p><p>Do\u011fa Dostu: Di\u011fer ta\u015f\u0131mac\u0131l\u0131k t\u00fcrlerine g\u00f6re daha az karbon sal\u0131n\u0131m\u0131na neden olur.<\/p><p><strong>Denizyolu Ta\u015f\u0131mac\u0131l\u0131\u011f\u0131 T\u00fcrleri<\/strong><\/p><p><strong>Liner Ta\u015f\u0131mac\u0131l\u0131k (D\u00fczenli Hat Ta\u015f\u0131mac\u0131l\u0131\u011f\u0131)<\/strong><br \/>Belirli g\u00fczergah ve takvime g\u00f6re yap\u0131lan ta\u015f\u0131mad\u0131r.. Genelde konteyner ta\u015f\u0131mac\u0131l\u0131\u011f\u0131nda kullan\u0131l\u0131r.<\/p><p><strong>Tramp Ta\u015f\u0131mac\u0131l\u0131k (D\u00fczensiz Ta\u015f\u0131mac\u0131l\u0131k)<\/strong><br \/>Belirli bir sefer plan\u0131 yoktur; y\u00fck\u00fcn bulundu\u011fu yere ve zaman\u0131na g\u00f6re hizmet verir.<\/p><p>Genellikle d\u00f6kme y\u00fck ve tanker ta\u015f\u0131mac\u0131l\u0131\u011f\u0131nda tercih edilir.<\/p><p><strong>Ro-Ro Ta\u015f\u0131mac\u0131l\u0131\u011f\u0131 (Roll-on\/Roll-off)<br \/><\/strong>Tekerlekli ara\u00e7lar\u0131n gemilere binerek ta\u015f\u0131nd\u0131\u011f\u0131 sistemdir Otomobil, t\u0131r, kamyon ta\u015f\u0131mac\u0131l\u0131\u011f\u0131nda kullan\u0131l\u0131r.<\/p><p><strong>Kabotaj Ta\u015f\u0131mac\u0131l\u0131\u011f\u0131<br \/><\/strong>Bir \u00fclkenin limanlar\u0131 aras\u0131nda yap\u0131lan i\u00e7 sularda deniz ta\u015f\u0131mac\u0131l\u0131\u011f\u0131d\u0131r.<\/p><p><strong>T\u00fcrkiye&#8217;de Denizyolu Ta\u015f\u0131mac\u0131l\u0131\u011f\u0131<\/strong><br \/>\u00d6nemli Limanlar: Mersin, \u0130zmir, \u0130stanbul (Ambarl\u0131), Kocaeli (Derince), Samsun.<\/p><p>Avantajl\u0131 Konum: T\u00fcrkiye, Karadeniz, Ege, Akdeniz ve Bo\u011fazlar ile \u00f6nemli bir deniz ge\u00e7i\u015f g\u00fczergah\u0131ndad\u0131r.<\/p>\t\t\t\t\t\t\t\t<\/div>\n\t\t\t\t<div class=\"elementor-element elementor-element-b0a220e wpr-button-icon-style-inline wpr-button-icon-position-right elementor-widget elementor-widget-wpr-button\" data-id=\"b0a220e\" data-element_type=\"widget\" data-e-type=\"widget\" data-widget_type=\"wpr-button.default\">\n\t\t\t\t\t\t\n\t\t\t\n\t\t\n\t\t<div class=\"wpr-button-wrap elementor-clearfix\">\n\t\t<a class=\"wpr-button wpr-button-effect wpr-button-none\" data-text=\"\" href=\"#link\">\n\t\t\t\n\t\t\t<span class=\"wpr-button-content\">\n\t\t\t\t\t\t\t\t\t<span class=\"wpr-button-text\">\u0130leti\u015fim<\/span>\n\t\t\t\t\t\t\t\t\n\t\t\t\t\t\t\t<\/span>\n\t\t<\/a>\n\n\t\t\t\t<\/div>\n\t\n\t\n\t\t\t\t\t<\/div>\n\t\t\t\t\t<\/div>\n\t\t<\/div>\n\t\t\t\t\t<\/div>\n\t\t<\/section>\n\t\t\t\t<\/div>\n\t\t","protected":false},"excerpt":{"rendered":"<p>Denizyolu Ta\u015f\u0131mas\u0131 D\u00fc\u015f\u00fck Maliyetli: \u00d6zellikle b\u00fcy\u00fck miktarlarda y\u00fck ta\u015f\u0131n\u0131rken birim maliyeti d\u00fc\u015f\u00fckt\u00fcr. Uzun Mesafe Uygunlu\u011fu: K\u0131talar aras\u0131 ticaretin ana ta\u015f\u0131ma y\u00f6ntemidir. Y\u00fcksek Ta\u015f\u0131ma Kapasitesi: Konteyner gemileri, tankerler ve kuru y\u00fck gemileri tonlarca y\u00fck ta\u015f\u0131yabilir. Yava\u015f Teslimat S\u00fcresi: Karayolu ve havayoluna k\u0131yasla daha uzun s\u00fcrede teslimat yap\u0131l\u0131r. Do\u011fa Dostu: Di\u011fer ta\u015f\u0131mac\u0131l\u0131k t\u00fcrlerine g\u00f6re daha az karbon sal\u0131n\u0131m\u0131na neden olur. Denizyolu Ta\u015f\u0131mac\u0131l\u0131\u011f\u0131 T\u00fcrleri Liner Ta\u015f\u0131mac\u0131l\u0131k (D\u00fczenli Hat Ta\u015f\u0131mac\u0131l\u0131\u011f\u0131)Belirli g\u00fczergah ve takvime g\u00f6re yap\u0131lan ta\u015f\u0131mad\u0131r.. Genelde konteyner ta\u015f\u0131mac\u0131l\u0131\u011f\u0131nda kullan\u0131l\u0131r. Tramp Ta\u015f\u0131mac\u0131l\u0131k (D\u00fczensiz Ta\u015f\u0131mac\u0131l\u0131k)Belirli bir sefer plan\u0131 yoktur; y\u00fck\u00fcn bulundu\u011fu yere ve zaman\u0131na g\u00f6re hizmet verir. Genellikle d\u00f6kme y\u00fck ve tanker ta\u015f\u0131mac\u0131l\u0131\u011f\u0131nda tercih edilir. Ro-Ro Ta\u015f\u0131mac\u0131l\u0131\u011f\u0131 (Roll-on\/Roll-off)Tekerlekli ara\u00e7lar\u0131n gemilere binerek ta\u015f\u0131nd\u0131\u011f\u0131 sistemdir Otomobil, t\u0131r, kamyon ta\u015f\u0131mac\u0131l\u0131\u011f\u0131nda kullan\u0131l\u0131r. Kabotaj Ta\u015f\u0131mac\u0131l\u0131\u011f\u0131Bir \u00fclkenin limanlar\u0131 aras\u0131nda yap\u0131lan i\u00e7 sularda deniz ta\u015f\u0131mac\u0131l\u0131\u011f\u0131d\u0131r. T\u00fcrkiye&#8217;de Denizyolu Ta\u015f\u0131mac\u0131l\u0131\u011f\u0131\u00d6nemli Limanlar: Mersin, \u0130zmir, \u0130stanbul (Ambarl\u0131), Kocaeli (Derince), Samsun. Avantajl\u0131 Konum: T\u00fcrkiye, Karadeniz, Ege, Akdeniz ve Bo\u011fazlar ile \u00f6nemli bir deniz ge\u00e7i\u015f g\u00fczergah\u0131ndad\u0131r. \u0130leti\u015fim Lorem Ipsum\u00a0is simply dumy text of the printing typesetting industry lorem ipsum.<\/p>\n","protected":false},"author":1,"featured_media":0,"parent":37,"menu_order":0,"comment_status":"closed","ping_status":"closed","template":"elementor_canvas","meta":{"footnotes":""},"class_list":["post-1474","page","type-page","status-publish","hentry"],"acf":[],"_links":{"self":[{"href":"https:\/\/bronteslogistics.com\/index.php?rest_route=\/wp\/v2\/pages\/1474","targetHints":{"allow":["GET"]}}],"collection":[{"href":"https:\/\/bronteslogistics.com\/index.php?rest_route=\/wp\/v2\/pages"}],"about":[{"href":"https:\/\/bronteslogistics.com\/index.php?rest_route=\/wp\/v2\/types\/page"}],"author":[{"embeddable":true,"href":"https:\/\/bronteslogistics.com\/index.php?rest_route=\/wp\/v2\/users\/1"}],"replies":[{"embeddable":true,"href":"https:\/\/bronteslogistics.com\/index.php?rest_route=%2Fwp%2Fv2%2Fcomments&post=1474"}],"version-history":[{"count":10,"href":"https:\/\/bronteslogistics.com\/index.php?rest_route=\/wp\/v2\/pages\/1474\/revisions"}],"predecessor-version":[{"id":1518,"href":"https:\/\/bronteslogistics.com\/index.php?rest_route=\/wp\/v2\/pages\/1474\/revisions\/1518"}],"up":[{"embeddable":true,"href":"https:\/\/bronteslogistics.com\/index.php?rest_route=\/wp\/v2\/pages\/37"}],"wp:attachment":[{"href":"https:\/\/bronteslogistics.com\/index.php?rest_route=%2Fwp%2Fv2%2Fmedia&parent=1474"}],"curies":[{"name":"wp","href":"https:\/\/api.w.org\/{rel}","templated":true}]}}