{"id":1479,"date":"2025-07-16T10:50:48","date_gmt":"2025-07-16T10:50:48","guid":{"rendered":"http:\/\/bronteslogistics.com\/?page_id=1479"},"modified":"2025-07-16T11:18:24","modified_gmt":"2025-07-16T11:18:24","slug":"havayolu-tasimasi","status":"publish","type":"page","link":"https:\/\/bronteslogistics.com\/?page_id=1479","title":{"rendered":"Havayolu Ta\u015f\u0131mas\u0131"},"content":{"rendered":"\t\t<div data-elementor-type=\"wp-page\" data-elementor-id=\"1479\" class=\"elementor elementor-1479\">\n\t\t\t\t<div class=\"elementor-element elementor-element-40b28af e-flex e-con-boxed wpr-particle-no wpr-jarallax-no wpr-parallax-no wpr-sticky-section-no wpr-equal-height-no e-con e-parent\" data-id=\"40b28af\" data-element_type=\"container\" data-e-type=\"container\" data-settings=\"{&quot;background_background&quot;:&quot;classic&quot;}\">\n\t\t\t\t\t<div class=\"e-con-inner\">\n\t\t\t\t<div class=\"elementor-element elementor-element-a82931b elementor-invisible elementor-widget elementor-widget-heading\" data-id=\"a82931b\" data-element_type=\"widget\" data-e-type=\"widget\" data-settings=\"{&quot;_animation&quot;:&quot;fadeIn&quot;}\" data-widget_type=\"heading.default\">\n\t\t\t\t\t<h1 class=\"elementor-heading-title elementor-size-default\">Havayolu Ta\u015f\u0131mas\u0131<\/h1>\t\t\t\t<\/div>\n\t\t\t\t\t<\/div>\n\t\t\t\t<\/div>\n\t\t\t\t<section class=\"elementor-section elementor-top-section elementor-element elementor-element-24c2599 elementor-section-boxed elementor-section-height-default elementor-section-height-default wpr-particle-no wpr-jarallax-no wpr-parallax-no wpr-sticky-section-no wpr-equal-height-no\" data-id=\"24c2599\" data-element_type=\"section\" data-e-type=\"section\">\n\t\t\t\t\t\t<div class=\"elementor-container elementor-column-gap-wide\">\n\t\t\t\t\t<div class=\"elementor-column elementor-col-50 elementor-top-column elementor-element elementor-element-2212c47\" data-id=\"2212c47\" data-element_type=\"column\" data-e-type=\"column\">\n\t\t\t<div class=\"elementor-widget-wrap elementor-element-populated\">\n\t\t\t\t\t\t<div class=\"elementor-element elementor-element-87945d0 elementor-widget elementor-widget-image\" data-id=\"87945d0\" data-element_type=\"widget\" data-e-type=\"widget\" data-widget_type=\"image.default\">\n\t\t\t\t\t\t\t\t\t\t\t\t\t\t\t<img fetchpriority=\"high\" decoding=\"async\" width=\"1170\" height=\"658\" src=\"https:\/\/bronteslogistics.com\/wp-content\/uploads\/2025\/07\/air-transport-1b.jpg\" class=\"attachment-full size-full wp-image-1506\" alt=\"\" srcset=\"https:\/\/bronteslogistics.com\/wp-content\/uploads\/2025\/07\/air-transport-1b.jpg 1170w, https:\/\/bronteslogistics.com\/wp-content\/uploads\/2025\/07\/air-transport-1b-300x169.jpg 300w, https:\/\/bronteslogistics.com\/wp-content\/uploads\/2025\/07\/air-transport-1b-1024x576.jpg 1024w, https:\/\/bronteslogistics.com\/wp-content\/uploads\/2025\/07\/air-transport-1b-768x432.jpg 768w\" sizes=\"(max-width: 1170px) 100vw, 1170px\" \/>\t\t\t\t\t\t\t\t\t\t\t\t\t\t\t<\/div>\n\t\t\t\t\t<\/div>\n\t\t<\/div>\n\t\t\t\t<div class=\"elementor-column elementor-col-50 elementor-top-column elementor-element elementor-element-73e4e1a\" data-id=\"73e4e1a\" data-element_type=\"column\" data-e-type=\"column\">\n\t\t\t<div class=\"elementor-widget-wrap elementor-element-populated\">\n\t\t\t\t\t\t<div class=\"elementor-element elementor-element-ebf8296 elementor-widget elementor-widget-text-editor\" data-id=\"ebf8296\" data-element_type=\"widget\" data-e-type=\"widget\" data-widget_type=\"text-editor.default\">\n\t\t\t\t\t\t\t\t\t<p>H\u0131zl\u0131 Teslimat: En h\u0131zl\u0131 uluslararas\u0131 ta\u015f\u0131mac\u0131l\u0131k y\u00f6ntemidir.<\/p><p>Y\u00fcksek Maliyet: Di\u011fer ta\u015f\u0131mac\u0131l\u0131k t\u00fcrlerine g\u00f6re ta\u015f\u0131ma maliyeti y\u00fcksektir.<\/p><p>S\u0131n\u0131rl\u0131 Y\u00fck Kapasitesi: Tonaj s\u0131n\u0131r\u0131 ve hacim k\u0131s\u0131tlamalar\u0131 vard\u0131r.<\/p><p>G\u00fcvenli ve Takip Edilebilir: Modern takip sistemleri sayesinde y\u00fck\u00fcn yeri anl\u0131k izlenebilir.<\/p><p>K\u0131sa S\u00fcreli Bozulabilir Y\u00fckler \u0130\u00e7in Uygun: \u0130la\u00e7, \u00e7i\u00e7ek, g\u0131da gibi \u00fcr\u00fcnlerde idealdir.<\/p><p><strong>Havayolu ile Ta\u015f\u0131nan Y\u00fck T\u00fcrleri<\/strong><\/p><p>Genel Kargo: Giyim, elektronik, otomotiv par\u00e7alar\u0131 vb.<\/p><p>\u00d6zel Kargo: Tehlikeli maddeler, bozulabilir \u00fcr\u00fcnler, canl\u0131 hayvanlar.<\/p><p>De\u011ferli Kargo: Alt\u0131n, m\u00fccevher, para gibi y\u00fcksek de\u011fere sahip \u00fcr\u00fcnler.<\/p><p><strong>Havayolu Ta\u015f\u0131mac\u0131l\u0131\u011f\u0131 S\u00fcreci<\/strong><\/p><ul><li>Rezervasyon ve Planlama<\/li><li>G\u00fcmr\u00fckleme \u0130\u015flemleri<\/li><li>Havaalan\u0131na Nakliye<\/li><li>Y\u00fckleme ve U\u00e7u\u015f<\/li><li>\u0130ni\u015f ve Bo\u015faltma<\/li><li>Al\u0131c\u0131ya Teslim<\/li><\/ul>\t\t\t\t\t\t\t\t<\/div>\n\t\t\t\t<div class=\"elementor-element elementor-element-b0a220e wpr-button-icon-style-inline wpr-button-icon-position-right elementor-widget elementor-widget-wpr-button\" data-id=\"b0a220e\" data-element_type=\"widget\" data-e-type=\"widget\" data-widget_type=\"wpr-button.default\">\n\t\t\t\t\t\t\n\t\t\t\n\t\t\n\t\t<div class=\"wpr-button-wrap elementor-clearfix\">\n\t\t<a class=\"wpr-button wpr-button-effect wpr-button-none\" data-text=\"\" href=\"#link\">\n\t\t\t\n\t\t\t<span class=\"wpr-button-content\">\n\t\t\t\t\t\t\t\t\t<span class=\"wpr-button-text\">\u0130leti\u015fim<\/span>\n\t\t\t\t\t\t\t\t\n\t\t\t\t\t\t\t<\/span>\n\t\t<\/a>\n\n\t\t\t\t<\/div>\n\t\n\t\n\t\t\t\t\t<\/div>\n\t\t\t\t\t<\/div>\n\t\t<\/div>\n\t\t\t\t\t<\/div>\n\t\t<\/section>\n\t\t\t\t<\/div>\n\t\t","protected":false},"excerpt":{"rendered":"<p>Havayolu Ta\u015f\u0131mas\u0131 H\u0131zl\u0131 Teslimat: En h\u0131zl\u0131 uluslararas\u0131 ta\u015f\u0131mac\u0131l\u0131k y\u00f6ntemidir. Y\u00fcksek Maliyet: Di\u011fer ta\u015f\u0131mac\u0131l\u0131k t\u00fcrlerine g\u00f6re ta\u015f\u0131ma maliyeti y\u00fcksektir. S\u0131n\u0131rl\u0131 Y\u00fck Kapasitesi: Tonaj s\u0131n\u0131r\u0131 ve hacim k\u0131s\u0131tlamalar\u0131 vard\u0131r. G\u00fcvenli ve Takip Edilebilir: Modern takip sistemleri sayesinde y\u00fck\u00fcn yeri anl\u0131k izlenebilir. K\u0131sa S\u00fcreli Bozulabilir Y\u00fckler \u0130\u00e7in Uygun: \u0130la\u00e7, \u00e7i\u00e7ek, g\u0131da gibi \u00fcr\u00fcnlerde idealdir. Havayolu ile Ta\u015f\u0131nan Y\u00fck T\u00fcrleri Genel Kargo: Giyim, elektronik, otomotiv par\u00e7alar\u0131 vb. \u00d6zel Kargo: Tehlikeli maddeler, bozulabilir \u00fcr\u00fcnler, canl\u0131 hayvanlar. De\u011ferli Kargo: Alt\u0131n, m\u00fccevher, para gibi y\u00fcksek de\u011fere sahip \u00fcr\u00fcnler. Havayolu Ta\u015f\u0131mac\u0131l\u0131\u011f\u0131 S\u00fcreci Rezervasyon ve Planlama G\u00fcmr\u00fckleme \u0130\u015flemleri Havaalan\u0131na Nakliye Y\u00fckleme ve U\u00e7u\u015f \u0130ni\u015f ve Bo\u015faltma Al\u0131c\u0131ya Teslim \u0130leti\u015fim Lorem Ipsum\u00a0is simply dumy text of the printing typesetting industry lorem ipsum.<\/p>\n","protected":false},"author":1,"featured_media":0,"parent":37,"menu_order":0,"comment_status":"closed","ping_status":"closed","template":"elementor_canvas","meta":{"footnotes":""},"class_list":["post-1479","page","type-page","status-publish","hentry"],"acf":[],"_links":{"self":[{"href":"https:\/\/bronteslogistics.com\/index.php?rest_route=\/wp\/v2\/pages\/1479","targetHints":{"allow":["GET"]}}],"collection":[{"href":"https:\/\/bronteslogistics.com\/index.php?rest_route=\/wp\/v2\/pages"}],"about":[{"href":"https:\/\/bronteslogistics.com\/index.php?rest_route=\/wp\/v2\/types\/page"}],"author":[{"embeddable":true,"href":"https:\/\/bronteslogistics.com\/index.php?rest_route=\/wp\/v2\/users\/1"}],"replies":[{"embeddable":true,"href":"https:\/\/bronteslogistics.com\/index.php?rest_route=%2Fwp%2Fv2%2Fcomments&post=1479"}],"version-history":[{"count":10,"href":"https:\/\/bronteslogistics.com\/index.php?rest_route=\/wp\/v2\/pages\/1479\/revisions"}],"predecessor-version":[{"id":1521,"href":"https:\/\/bronteslogistics.com\/index.php?rest_route=\/wp\/v2\/pages\/1479\/revisions\/1521"}],"up":[{"embeddable":true,"href":"https:\/\/bronteslogistics.com\/index.php?rest_route=\/wp\/v2\/pages\/37"}],"wp:attachment":[{"href":"https:\/\/bronteslogistics.com\/index.php?rest_route=%2Fwp%2Fv2%2Fmedia&parent=1479"}],"curies":[{"name":"wp","href":"https:\/\/api.w.org\/{rel}","templated":true}]}}