{"id":1568,"date":"2025-07-18T09:09:57","date_gmt":"2025-07-18T09:09:57","guid":{"rendered":"https:\/\/bronteslogistics.com\/?page_id=1568"},"modified":"2025-07-18T09:12:07","modified_gmt":"2025-07-18T09:12:07","slug":"depolama-ve-gumrukleme-hizmeti","status":"publish","type":"page","link":"https:\/\/bronteslogistics.com\/?page_id=1568","title":{"rendered":"Depolama ve G\u00fcmr\u00fckleme Hizmeti"},"content":{"rendered":"\t\t<div data-elementor-type=\"wp-page\" data-elementor-id=\"1568\" class=\"elementor elementor-1568\">\n\t\t\t\t<div class=\"elementor-element elementor-element-40b28af e-flex e-con-boxed wpr-particle-no wpr-jarallax-no wpr-parallax-no wpr-sticky-section-no wpr-equal-height-no e-con e-parent\" data-id=\"40b28af\" data-element_type=\"container\" data-e-type=\"container\" data-settings=\"{&quot;background_background&quot;:&quot;classic&quot;}\">\n\t\t\t\t\t<div class=\"e-con-inner\">\n\t\t\t\t<div class=\"elementor-element elementor-element-a82931b elementor-invisible elementor-widget elementor-widget-heading\" data-id=\"a82931b\" data-element_type=\"widget\" data-e-type=\"widget\" data-settings=\"{&quot;_animation&quot;:&quot;fadeIn&quot;}\" data-widget_type=\"heading.default\">\n\t\t\t\t\t<h1 class=\"elementor-heading-title elementor-size-default\">Depolama ve G\u00fcmr\u00fckleme Hizmeti<\/h1>\t\t\t\t<\/div>\n\t\t\t\t\t<\/div>\n\t\t\t\t<\/div>\n\t\t\t\t<section class=\"elementor-section elementor-top-section elementor-element elementor-element-24c2599 elementor-section-boxed elementor-section-height-default elementor-section-height-default wpr-particle-no wpr-jarallax-no wpr-parallax-no wpr-sticky-section-no wpr-equal-height-no\" data-id=\"24c2599\" data-element_type=\"section\" data-e-type=\"section\">\n\t\t\t\t\t\t<div class=\"elementor-container elementor-column-gap-wide\">\n\t\t\t\t\t<div class=\"elementor-column elementor-col-50 elementor-top-column elementor-element elementor-element-2212c47\" data-id=\"2212c47\" data-element_type=\"column\" data-e-type=\"column\">\n\t\t\t<div class=\"elementor-widget-wrap elementor-element-populated\">\n\t\t\t\t\t\t<div class=\"elementor-element elementor-element-87945d0 elementor-widget elementor-widget-image\" data-id=\"87945d0\" data-element_type=\"widget\" data-e-type=\"widget\" data-widget_type=\"image.default\">\n\t\t\t\t\t\t\t\t\t\t\t\t\t\t\t<img fetchpriority=\"high\" decoding=\"async\" width=\"400\" height=\"400\" src=\"https:\/\/bronteslogistics.com\/wp-content\/uploads\/2025\/07\/ICON1-3.png\" class=\"attachment-full size-full wp-image-1490\" alt=\"\" srcset=\"https:\/\/bronteslogistics.com\/wp-content\/uploads\/2025\/07\/ICON1-3.png 400w, https:\/\/bronteslogistics.com\/wp-content\/uploads\/2025\/07\/ICON1-3-300x300.png 300w, https:\/\/bronteslogistics.com\/wp-content\/uploads\/2025\/07\/ICON1-3-150x150.png 150w\" sizes=\"(max-width: 400px) 100vw, 400px\" \/>\t\t\t\t\t\t\t\t\t\t\t\t\t\t\t<\/div>\n\t\t\t\t\t<\/div>\n\t\t<\/div>\n\t\t\t\t<div class=\"elementor-column elementor-col-50 elementor-top-column elementor-element elementor-element-73e4e1a\" data-id=\"73e4e1a\" data-element_type=\"column\" data-e-type=\"column\">\n\t\t\t<div class=\"elementor-widget-wrap elementor-element-populated\">\n\t\t\t\t\t\t<div class=\"elementor-element elementor-element-ebf8296 elementor-widget elementor-widget-text-editor\" data-id=\"ebf8296\" data-element_type=\"widget\" data-e-type=\"widget\" data-widget_type=\"text-editor.default\">\n\t\t\t\t\t\t\t\t\t<p>T\u00fcm d\u00fcnyadaki g\u00fcvenilir acenta a\u011f\u0131m\u0131z sayesinde depolama, elle\u00e7leme ve g\u00fcmr\u00fckleme hizmetleri sunuyoruz<\/p>\t\t\t\t\t\t\t\t<\/div>\n\t\t\t\t<div class=\"elementor-element elementor-element-b0a220e wpr-button-icon-style-inline wpr-button-icon-position-right elementor-widget elementor-widget-wpr-button\" data-id=\"b0a220e\" data-element_type=\"widget\" data-e-type=\"widget\" data-widget_type=\"wpr-button.default\">\n\t\t\t\t\t\t\n\t\t\t\n\t\t\n\t\t<div class=\"wpr-button-wrap elementor-clearfix\">\n\t\t<a class=\"wpr-button wpr-button-effect wpr-button-none\" data-text=\"\" href=\"#link\">\n\t\t\t\n\t\t\t<span class=\"wpr-button-content\">\n\t\t\t\t\t\t\t\t\t<span class=\"wpr-button-text\">\u0130leti\u015fim<\/span>\n\t\t\t\t\t\t\t\t\n\t\t\t\t\t\t\t<\/span>\n\t\t<\/a>\n\n\t\t\t\t<\/div>\n\t\n\t\n\t\t\t\t\t<\/div>\n\t\t\t\t\t<\/div>\n\t\t<\/div>\n\t\t\t\t\t<\/div>\n\t\t<\/section>\n\t\t\t\t<\/div>\n\t\t","protected":false},"excerpt":{"rendered":"<p>Depolama ve G\u00fcmr\u00fckleme Hizmeti T\u00fcm d\u00fcnyadaki g\u00fcvenilir acenta a\u011f\u0131m\u0131z sayesinde depolama, elle\u00e7leme ve g\u00fcmr\u00fckleme hizmetleri sunuyoruz \u0130leti\u015fim Lorem Ipsum\u00a0is simply dumy text of the printing typesetting industry lorem ipsum.<\/p>\n","protected":false},"author":1,"featured_media":0,"parent":37,"menu_order":0,"comment_status":"closed","ping_status":"closed","template":"elementor_canvas","meta":{"footnotes":""},"class_list":["post-1568","page","type-page","status-publish","hentry"],"acf":[],"_links":{"self":[{"href":"https:\/\/bronteslogistics.com\/index.php?rest_route=\/wp\/v2\/pages\/1568","targetHints":{"allow":["GET"]}}],"collection":[{"href":"https:\/\/bronteslogistics.com\/index.php?rest_route=\/wp\/v2\/pages"}],"about":[{"href":"https:\/\/bronteslogistics.com\/index.php?rest_route=\/wp\/v2\/types\/page"}],"author":[{"embeddable":true,"href":"https:\/\/bronteslogistics.com\/index.php?rest_route=\/wp\/v2\/users\/1"}],"replies":[{"embeddable":true,"href":"https:\/\/bronteslogistics.com\/index.php?rest_route=%2Fwp%2Fv2%2Fcomments&post=1568"}],"version-history":[{"count":7,"href":"https:\/\/bronteslogistics.com\/index.php?rest_route=\/wp\/v2\/pages\/1568\/revisions"}],"predecessor-version":[{"id":1580,"href":"https:\/\/bronteslogistics.com\/index.php?rest_route=\/wp\/v2\/pages\/1568\/revisions\/1580"}],"up":[{"embeddable":true,"href":"https:\/\/bronteslogistics.com\/index.php?rest_route=\/wp\/v2\/pages\/37"}],"wp:attachment":[{"href":"https:\/\/bronteslogistics.com\/index.php?rest_route=%2Fwp%2Fv2%2Fmedia&parent=1568"}],"curies":[{"name":"wp","href":"https:\/\/api.w.org\/{rel}","templated":true}]}}